{"id":552,"date":"2016-10-19T06:19:53","date_gmt":"2016-10-19T06:19:53","guid":{"rendered":"https:\/\/marxantsdemuntanyes.cat\/politica-privacitat\/"},"modified":"2020-05-04T14:15:49","modified_gmt":"2020-05-04T14:15:49","slug":"politica-privacitat","status":"publish","type":"page","link":"https:\/\/marxantsdemuntanyes.cat\/es\/politica-privacitat\/","title":{"rendered":"Pol\u00edtica de privacitat"},"content":{"rendered":"<div  class='flex_column av-245iz-40da7f7c483aa7767d92e6a5cb15979d av_one_full  avia-builder-el-0  avia-builder-el-no-sibling  first flex_column_div  '     ><p>\n<style type=\"text\/css\" data-created_by=\"avia_inline_auto\" id=\"style-css-av-av_heading-24cc2b3451d8b0888cb5082b35abd966\">\n#top .av-special-heading.av-av_heading-24cc2b3451d8b0888cb5082b35abd966{\npadding-bottom:10px;\n}\nbody .av-special-heading.av-av_heading-24cc2b3451d8b0888cb5082b35abd966 .av-special-heading-tag .heading-char{\nfont-size:25px;\n}\n.av-special-heading.av-av_heading-24cc2b3451d8b0888cb5082b35abd966 .av-subheading{\nfont-size:15px;\n}\n<\/style>\n<div  class='av-special-heading av-av_heading-24cc2b3451d8b0888cb5082b35abd966 av-special-heading-h1 blockquote modern-quote  avia-builder-el-1  el_before_av_textblock  avia-builder-el-first '><h1 class='av-special-heading-tag '  itemprop=\"headline\"  >Pol\u00edtica de privacitat<\/h1><div class=\"special-heading-border\"><div class=\"special-heading-inner-border\"><\/div><\/div><\/div><br \/>\n<section  class='av_textblock_section av-11b5b-d81739c59b5d2a8959bb87d280a235d7 '   itemscope=\"itemscope\" itemtype=\"https:\/\/schema.org\/CreativeWork\" ><div class='avia_textblock'  itemprop=\"text\" ><p>El present document de Tractament de Dades Personals t\u00e9 per objecte donar a con\u00e8ixer el m\u00e8tode en que es recullen, tracten i protegeixen les dades de car\u00e0cter personal recollides a trav\u00e9s del lloc web, amb la finalitat que els usuaris determinin lliurement i volunt\u00e0riament si desitgen facilitar les seves dades personals a trav\u00e9s del present lloc web.<\/p>\n<p>L\u2019acc\u00e9s i \u00fas del lloc web, un cop donat el consentiment expr\u00e9s marcant la corresponent casella per part de l\u2019usuari, implica la plena acceptaci\u00f3 del present document sobre Tractament de Dades Personals i s\u2019obliga a complir en la seva totalitat els termes i condicions recollits en el mateix. Per tant, l\u2019usuari ha de llegir atentament el present document en cada una de les ocasions en que es proposi utilitzar el lloc web, ja que aquest pot tenir modificacions.<\/p>\n<p>El present document ser\u00e0 v\u00e0lid \u00fanicament per les dades de car\u00e0cter personal obtingudes des del lloc web, i no \u00e9s aplicable per aquella informaci\u00f3 recollida per tercers en altres p\u00e0gines web, fins i tot si aquestes es troben enlla\u00e7ades des d&#8217;aquest mateix lloc web.<\/p>\n<h3>Qui \u00e9s el responsable del tractament de les seves dades?<\/h3>\n<p>El responsable de les dades \u00e9s <strong>Marxants de Muntanyes<\/strong><\/p>\n<ul>\n<li><strong>La seva denominaci\u00f3 social \u00e9s: Pau Curriu Gimenez.<\/strong><\/li>\n<li><strong>El seu nom comercial \u00e9s: Marxants de Muntanyes.<\/strong><\/li>\n<li><strong>El seu NIF \u00e9s: 39354016G.<\/strong><\/li>\n<li><strong>El seu domicili social \u00e9s: C\/ Comte Oliba 23, 2n B. (08600 Berga \u2013 Barcelona)<\/strong><\/li>\n<\/ul>\n<p><strong>Marxants de Muntanyes<\/strong> l&#8217;informa que aquestes dades seran tractades de conformitat amb el que disposen les normatives vigents en protecci\u00f3 de dades personals, el Reglament (UE) 2016\/679 de 27 d&#8217;abril de 2016 (RGPD). Pel que se li facilita la seg\u00fcent informaci\u00f3 del tractament:<\/p>\n<h3>Amb quina finalitat tractem les seves dades personals?<\/h3>\n<p>Tractem la informaci\u00f3 que ens faciliten les persones interessades per tal de realitzar la prospecci\u00f3 d&#8217;enviament de comunicacions comercials a base a l&#8217;inter\u00e8s demostrat sobre els nostres productes i serveis.<\/p>\n<h3>Per quant de temps conservarem les seves dades?<\/h3>\n<p>Les dades es conservaran durant 10 anys.<\/p>\n<h3>Quina \u00e9s la legitimaci\u00f3 per al tractament de les seves dades?<\/h3>\n<p>Les dades personals que tractem en <strong>Marxants de Muntanyes<\/strong> procedeixen del propi interessat, qui ha acceptat el consentiment t\u00e0cit conforme es poden utilitzar les dades per les finalitats esmentades.<\/p>\n<h3>A qui es cediran les seves dades?<\/h3>\n<p>No es cediran les dades a tercers, excepte en casos d&#8217;obligaci\u00f3 legal.<\/p>\n<h3>Transfer\u00e8ncies de dades a tercers pa\u00efsos?<\/h3>\n<p>No estan previstes les transfer\u00e8ncies de dades a tercers pa\u00efsos.<\/p>\n<h3>Quins s\u00f3n els seus drets quan ens facilita les seves dades?<\/h3>\n<p>T\u00e9 dret a obtenir confirmaci\u00f3 sobre si a <strong>Marxants de Muntanyes<\/strong> estem tractant dades personals que els concerneixin, o no.<\/p>\n<p>Les persones interessades tenen dret a accedir a les seves dades personals, aix\u00ed com a sol\u00b7licitar la rectificaci\u00f3 de les dades inexactes o, si escau, sol\u00b7licitar la seva supressi\u00f3 quan, entre d&#8217;altres motius, les dades ja no siguin necessaris per als fins que van ser recollides.<\/p>\n<p>En determinades circumst\u00e0ncies, els interessats podran sol\u00b7licitar la limitaci\u00f3 del tractament de les seves dades, en aquest cas \u00fanicament els conservarem per a l&#8217;exercici o la defensa de reclamacions.<\/p>\n<p>En determinades circumst\u00e0ncies i per motius relacionats amb la seva situaci\u00f3 particular, els interessats podran oposar-se al tractament de les seves dades. En aquest cas, <strong>Marxants de Muntanyes<\/strong> deixar\u00e0 de tractar les dades, excepte per motius leg\u00edtims imperiosos, o l&#8217;exercici o la defensa de possibles reclamacions.<\/p>\n<p>Vost\u00e8 podr\u00e0 exercir materialment els seus drets de la seg\u00fcent manera: T\u00e9 dret a accedir, rectificar i suprimir les dades, aix\u00ed com altres drets, indicats a la informaci\u00f3 addicional, que pot exercir dirigint-se a l&#8217;adre\u00e7a del responsable del tractament.<\/p>\n<p>Si ha atorgat el seu consentiment per a alguna finalitat concreta, t\u00e9 dret a retirar el consentiment atorgat en qualsevol moment, sense que aix\u00f2 afecti la licitud del tractament basat en el consentiment previ a la seva retirada.<\/p>\n<p>En cas que senti vulnerats els seus drets pel que fa a la protecci\u00f3 de les seves dades personals, especialment quan no hagi obtingut satisfacci\u00f3 en l&#8217;exercici dels seus drets, pot presentar una reclamaci\u00f3 davant l&#8217;Autoritat de Control en mat\u00e8ria de protecci\u00f3 de dades competent a trav\u00e9s del seu lloc web: www.agpd.es.<\/p>\n<h3>Quines dades es guarden als nostres sistemes?<\/h3>\n<p>Les categories de dades que es tracten s\u00f3n:<\/p>\n<ul>\n<li>Dades identificatives.<\/li>\n<li>Adreces postals i electr\u00f2niques.<\/li>\n<li>Informaci\u00f3 comercial.<\/li>\n<\/ul>\n<p>No es tracten categories especials de dades personals (s\u00f3n aquelles dades que revelin l&#8217;origen \u00e8tnic o racial, les opinions pol\u00edtiques, les conviccions religioses o filos\u00f2fiques, o l&#8217;afiliaci\u00f3 sindical, dades gen\u00e8tiques, dades biom\u00e8triques dirigits a identificar de manera un\u00edvoca a una persona f\u00edsica , dades relatives a la salut o dades relatives a la vida sexual o l&#8217;orientaci\u00f3 sexual d&#8217;una persona f\u00edsica).<\/p>\n<h2>Pol\u00edtica de cookies<\/h2>\n<h3>Qu\u00e8 s\u00f3n les cookies?<\/h3>\n<p>Una cookie \u00e9s un fitxer que es descarrega al seu ordinador en accedir a determinades p\u00e0gines web. Les cookies permeten a una p\u00e0gina web, entre altres coses, emmagatzemar i recuperar informaci\u00f3 sobre h\u00e0bits de navegaci\u00f3 d&#8217;un usuari o del seu equip i, depenent de la informaci\u00f3 que continguin i de la forma que utilitzi el seu equip, es poden utilitzar per recon\u00e8ixer a l&#8217;usuari .<\/p>\n<h3>Per a qu\u00e8 utilitza les cookies aquesta p\u00e0gina web i quins s\u00f3n?<\/h3>\n<p>Aquesta p\u00e0gina web utilitza les cookies per a una s\u00e8rie de finalitats, el detall de les cookies utilitzades en aquesta p\u00e0gina web \u00e9s el seg\u00fcent:<\/p>\n<table>\n<tbody>\n<tr>\n<td width=\"79\"><strong>Cookies<\/strong><\/td>\n<td width=\"62\"><strong>Nom<\/strong><\/td>\n<td width=\"69\"><strong>Tipus<\/strong><\/td>\n<td width=\"339\"><strong>Prop\u00f2sit<\/strong><\/td>\n<td width=\"123\"><strong>M\u00e9s informaci\u00f3<\/strong><\/td>\n<\/tr>\n<tr>\n<td width=\"79\">_ga<\/td>\n<td width=\"62\">Google Analytics<\/td>\n<td width=\"69\">de tercers<\/td>\n<td width=\"339\">Aquest nom de la cookie est\u00e0 associat amb Google Universal Analytics, que \u00e9s una actualitzaci\u00f3 significativa del servei d&#8217;an\u00e0lisi de Google m\u00e9s utilitzat. Aquesta cookie s&#8217;utilitza per distingir usuaris \u00fanics assignant un n\u00famero generat aleat\u00f2riament com a identificador del client. S&#8217;inclou a cada sol\u00b7licitud de p\u00e0gina d&#8217;un lloc i s&#8217;utilitza per calcular les dades de visitants, sessions i campanyes per als informes d&#8217;an\u00e0lisi de llocs. De manera predeterminada, aquesta caducar\u00e0 despr\u00e9s de 2 anys, encara que aquesta sigui personalitzable pels propietaris del lloc web.<\/td>\n<td width=\"123\"><a href=\"https:\/\/marketingplatform.google.com\/about\/analytics\/\">https:\/\/marketingplatform.google.com\/about\/analytics\/<\/a><\/td>\n<\/tr>\n<tr>\n<td width=\"79\">_gid<\/td>\n<td width=\"62\">Google Analytics<\/td>\n<td width=\"69\">de tercers<\/td>\n<td width=\"339\">Aquest nom de la cookie est\u00e0 associat amb Google Universal Analytics. Aquesta \u00e9s una nova cookie que emmagatzema i actualitza un valor \u00fanic per a cada p\u00e0gina visitada.<\/td>\n<td width=\"123\"><a href=\"https:\/\/marketingplatform.google.com\/about\/analytics\/\">https:\/\/marketingplatform.google.com\/about\/analytics\/<\/a><\/td>\n<\/tr>\n<tr>\n<td width=\"79\">_gat<\/td>\n<td width=\"62\">Google Analytics<\/td>\n<td width=\"69\">de tercers<\/td>\n<td width=\"339\">Cookie associada a Google Universal Analytics, s&#8217;utilitza per accelerar el percentatge de sol\u00b7licituds, limitant la recopilaci\u00f3 de dades als llocs de tr\u00e0nsit elevats. Ven\u00e7 despr\u00e9s de 10 minuts.<\/td>\n<td width=\"123\"><a href=\"https:\/\/marketingplatform.google.com\/about\/analytics\/\">https:\/\/marketingplatform.google.com\/about\/analytics\/<\/a><\/td>\n<\/tr>\n<tr>\n<td width=\"79\">240planD<\/td>\n<td width=\"62\">240planD<\/td>\n<td width=\"69\">pr\u00f2pia<\/td>\n<td width=\"339\">Aquesta \u00e9s una cookie t\u00e8cnica l&#8217;\u00fas del qual \u00e9s espec\u00edfic per al nostre host OVH Roubaix i permet, entre altres coses, garantir la distribuci\u00f3 de la c\u00e0rrega en servidors.<\/td>\n<td width=\"123\"><\/td>\n<\/tr>\n<tr>\n<td width=\"79\">PHPSESSID<\/td>\n<td width=\"62\">PHPSESSID<\/td>\n<td width=\"69\">pr\u00f2pia<\/td>\n<td width=\"339\">Cookie generada per aplicacions basades en el llenguatge PHP. Aquest \u00e9s un identificador de prop\u00f2sit general utilitzat per mantenir les variables de sessi\u00f3 de l&#8217;usuari. Normalment \u00e9s un nombre generat aleat\u00f2riament, la forma en qu\u00e8 s&#8217;utilitza pot ser espec\u00edfica del lloc, per\u00f2 un exemple com\u00fa \u00e9s el de mantenir un estat d&#8217;usuari registrat d&#8217;un usuari entre p\u00e0gines.<\/td>\n<td width=\"123\"><a href=\"http:\/\/php.net\/manual\/en\/function.session-id.php\">http:\/\/php.net\/manual\/en\/function.session-id.php<\/a><\/td>\n<\/tr>\n<\/tbody>\n<\/table>\n<p>Nota: Les cookies de tipus &#8216;pr\u00f2pies&#8217; s\u00f3n utilitzades nom\u00e9s pel propietari d&#8217;aquesta web i les cookies &#8216;De tercers&#8217; s\u00f3n utilitzades, pel prestador del servei que est\u00e0 detallat en el quadre anterior.<\/p>\n<h4>Com puc desactivar o eliminar aquestes cookies?<\/h4>\n<p>Pot vost\u00e8 permetre, bloquejar o eliminar les cookies instal\u00b7lades en el seu equip mitjan\u00e7ant la configuraci\u00f3 de les opcions del navegador en el vostre ordinador:<\/p>\n<ul>\n<li>Firefox: <a href=\"http:\/\/support.mozilla.org\/es\/kb\/habilitar-y-deshabilitar-cookies-que-los-sitios-we\">http:\/\/support.mozilla.org\/es\/kb\/habilitar-y-deshabilitar-cookies-que-los-sitios-we<\/a><\/li>\n<li>Chrome: <a href=\"http:\/\/support.google.com\/chrome\/bin\/answer.py?hl=es&amp;answer=95647\">http:\/\/support.google.com\/chrome\/bin\/answer.py?hl=es&amp;answer=95647<\/a><\/li>\n<li>Explorer: <a href=\"http:\/\/windows.microsoft.com\/es-es\/windows7\/how-to-manage-cookies-in-internet-explorer-9\">http:\/\/windows.microsoft.com\/es-es\/windows7\/how-to-manage-cookies-in-internet-explorer-9<\/a><\/li>\n<li>Safari: <a href=\"http:\/\/support.apple.com\/kb\/ph5042\">http:\/\/support.apple.com\/kb\/ph5042<\/a><\/li>\n<li>Opera:\u00a0https:\/\/www.opera.com\/help\/tutorials\/security\/privacy<\/li>\n<li>Altres navegadors: Consulteu la documentaci\u00f3 del navegador que tingui instal\u00b7lat.<\/li>\n<\/ul>\n<h4>Complement d&#8217;inhabilitaci\u00f3 per a navegadors de Google Analytics<\/h4>\n<p>Si voleu rebutjar les cookies anal\u00edtiques de Google Analytics en tots els navegadors, de manera que no s&#8217;envi\u00ef informaci\u00f3 seva a Google Analytics, pot descarregar un complement que realitza aquesta funci\u00f3 des d&#8217;aquest enlla\u00e7: <a href=\"https:\/\/tools.google.com\/dlpage\/gaoptout\">https:\/\/tools.google.com\/dlpage\/gaoptout<\/a>.<\/p>\n<\/div><\/section><\/p><\/div>\n","protected":false},"excerpt":{"rendered":"","protected":false},"author":3,"featured_media":0,"parent":0,"menu_order":0,"comment_status":"closed","ping_status":"closed","template":"","meta":{"footnotes":""},"class_list":["post-552","page","type-page","status-publish","hentry"],"yoast_head":"<!-- This site is optimized with the Yoast SEO plugin v27.3 - https:\/\/yoast.com\/product\/yoast-seo-wordpress\/ -->\n<title>Pol\u00edtica de privacitat - Marxants de muntanyes<\/title>\n<meta name=\"robots\" content=\"index, follow, max-snippet:-1, max-image-preview:large, max-video-preview:-1\" \/>\n<link rel=\"canonical\" href=\"https:\/\/marxantsdemuntanyes.cat\/es\/politica-privacitat\/\" \/>\n<meta property=\"og:locale\" content=\"es_ES\" \/>\n<meta property=\"og:type\" content=\"article\" \/>\n<meta property=\"og:title\" content=\"Pol\u00edtica de privacitat - Marxants de muntanyes\" \/>\n<meta property=\"og:url\" content=\"https:\/\/marxantsdemuntanyes.cat\/es\/politica-privacitat\/\" \/>\n<meta property=\"og:site_name\" content=\"Marxants de muntanyes\" \/>\n<meta property=\"article:modified_time\" content=\"2020-05-04T14:15:49+00:00\" \/>\n<meta name=\"twitter:card\" content=\"summary_large_image\" \/>\n<meta name=\"twitter:label1\" content=\"Tiempo de lectura\" \/>\n\t<meta name=\"twitter:data1\" content=\"8 minutos\" \/>\n<script type=\"application\/ld+json\" class=\"yoast-schema-graph\">{\"@context\":\"https:\\\/\\\/schema.org\",\"@graph\":[{\"@type\":\"WebPage\",\"@id\":\"https:\\\/\\\/marxantsdemuntanyes.cat\\\/es\\\/politica-privacitat\\\/\",\"url\":\"https:\\\/\\\/marxantsdemuntanyes.cat\\\/es\\\/politica-privacitat\\\/\",\"name\":\"Pol\u00edtica de privacitat - Marxants de muntanyes\",\"isPartOf\":{\"@id\":\"https:\\\/\\\/marxantsdemuntanyes.cat\\\/#website\"},\"datePublished\":\"2016-10-19T06:19:53+00:00\",\"dateModified\":\"2020-05-04T14:15:49+00:00\",\"breadcrumb\":{\"@id\":\"https:\\\/\\\/marxantsdemuntanyes.cat\\\/es\\\/politica-privacitat\\\/#breadcrumb\"},\"inLanguage\":\"es\",\"potentialAction\":[{\"@type\":\"ReadAction\",\"target\":[\"https:\\\/\\\/marxantsdemuntanyes.cat\\\/es\\\/politica-privacitat\\\/\"]}]},{\"@type\":\"BreadcrumbList\",\"@id\":\"https:\\\/\\\/marxantsdemuntanyes.cat\\\/es\\\/politica-privacitat\\\/#breadcrumb\",\"itemListElement\":[{\"@type\":\"ListItem\",\"position\":1,\"name\":\"Inici\",\"item\":\"https:\\\/\\\/marxantsdemuntanyes.cat\\\/inici\\\/\"},{\"@type\":\"ListItem\",\"position\":2,\"name\":\"Pol\u00edtica de privacitat\"}]},{\"@type\":\"WebSite\",\"@id\":\"https:\\\/\\\/marxantsdemuntanyes.cat\\\/#website\",\"url\":\"https:\\\/\\\/marxantsdemuntanyes.cat\\\/\",\"name\":\"Marxants de muntanyes\",\"description\":\"\",\"potentialAction\":[{\"@type\":\"SearchAction\",\"target\":{\"@type\":\"EntryPoint\",\"urlTemplate\":\"https:\\\/\\\/marxantsdemuntanyes.cat\\\/?s={search_term_string}\"},\"query-input\":{\"@type\":\"PropertyValueSpecification\",\"valueRequired\":true,\"valueName\":\"search_term_string\"}}],\"inLanguage\":\"es\"}]}<\/script>\n<!-- \/ Yoast SEO plugin. -->","yoast_head_json":{"title":"Pol\u00edtica de privacitat - Marxants de muntanyes","robots":{"index":"index","follow":"follow","max-snippet":"max-snippet:-1","max-image-preview":"max-image-preview:large","max-video-preview":"max-video-preview:-1"},"canonical":"https:\/\/marxantsdemuntanyes.cat\/es\/politica-privacitat\/","og_locale":"es_ES","og_type":"article","og_title":"Pol\u00edtica de privacitat - Marxants de muntanyes","og_url":"https:\/\/marxantsdemuntanyes.cat\/es\/politica-privacitat\/","og_site_name":"Marxants de muntanyes","article_modified_time":"2020-05-04T14:15:49+00:00","twitter_card":"summary_large_image","twitter_misc":{"Tiempo de lectura":"8 minutos"},"schema":{"@context":"https:\/\/schema.org","@graph":[{"@type":"WebPage","@id":"https:\/\/marxantsdemuntanyes.cat\/es\/politica-privacitat\/","url":"https:\/\/marxantsdemuntanyes.cat\/es\/politica-privacitat\/","name":"Pol\u00edtica de privacitat - Marxants de muntanyes","isPartOf":{"@id":"https:\/\/marxantsdemuntanyes.cat\/#website"},"datePublished":"2016-10-19T06:19:53+00:00","dateModified":"2020-05-04T14:15:49+00:00","breadcrumb":{"@id":"https:\/\/marxantsdemuntanyes.cat\/es\/politica-privacitat\/#breadcrumb"},"inLanguage":"es","potentialAction":[{"@type":"ReadAction","target":["https:\/\/marxantsdemuntanyes.cat\/es\/politica-privacitat\/"]}]},{"@type":"BreadcrumbList","@id":"https:\/\/marxantsdemuntanyes.cat\/es\/politica-privacitat\/#breadcrumb","itemListElement":[{"@type":"ListItem","position":1,"name":"Inici","item":"https:\/\/marxantsdemuntanyes.cat\/inici\/"},{"@type":"ListItem","position":2,"name":"Pol\u00edtica de privacitat"}]},{"@type":"WebSite","@id":"https:\/\/marxantsdemuntanyes.cat\/#website","url":"https:\/\/marxantsdemuntanyes.cat\/","name":"Marxants de muntanyes","description":"","potentialAction":[{"@type":"SearchAction","target":{"@type":"EntryPoint","urlTemplate":"https:\/\/marxantsdemuntanyes.cat\/?s={search_term_string}"},"query-input":{"@type":"PropertyValueSpecification","valueRequired":true,"valueName":"search_term_string"}}],"inLanguage":"es"}]}},"_links":{"self":[{"href":"https:\/\/marxantsdemuntanyes.cat\/es\/wp-json\/wp\/v2\/pages\/552","targetHints":{"allow":["GET"]}}],"collection":[{"href":"https:\/\/marxantsdemuntanyes.cat\/es\/wp-json\/wp\/v2\/pages"}],"about":[{"href":"https:\/\/marxantsdemuntanyes.cat\/es\/wp-json\/wp\/v2\/types\/page"}],"author":[{"embeddable":true,"href":"https:\/\/marxantsdemuntanyes.cat\/es\/wp-json\/wp\/v2\/users\/3"}],"replies":[{"embeddable":true,"href":"https:\/\/marxantsdemuntanyes.cat\/es\/wp-json\/wp\/v2\/comments?post=552"}],"version-history":[{"count":2,"href":"https:\/\/marxantsdemuntanyes.cat\/es\/wp-json\/wp\/v2\/pages\/552\/revisions"}],"predecessor-version":[{"id":594,"href":"https:\/\/marxantsdemuntanyes.cat\/es\/wp-json\/wp\/v2\/pages\/552\/revisions\/594"}],"wp:attachment":[{"href":"https:\/\/marxantsdemuntanyes.cat\/es\/wp-json\/wp\/v2\/media?parent=552"}],"curies":[{"name":"wp","href":"https:\/\/api.w.org\/{rel}","templated":true}]}}